{"id":14,"date":"2018-02-05T17:01:33","date_gmt":"2018-02-05T16:01:33","guid":{"rendered":"http:\/\/dev.cultureetlibertes.fr\/?page_id=14"},"modified":"2018-06-15T15:10:38","modified_gmt":"2018-06-15T13:10:38","slug":"qui-suis-je","status":"publish","type":"page","link":"https:\/\/www.cultureetlibertes.fr\/?page_id=14","title":{"rendered":"Qui suis-je ?"},"content":{"rendered":"<h2>Qu&rsquo;est-ce qu&rsquo;un vieux de la vieille vient faire ici, poster des articles ?<\/h2>\n<p><img loading=\"lazy\" decoding=\"async\" class=\"alignleft wp-image-48\" src=\"http:\/\/dev.cultureetlibertes.fr\/wp-content\/uploads\/sites\/14\/2018\/03\/jean-photo-identit\u00e9.png\" alt=\"\" width=\"60\" height=\"104\" srcset=\"https:\/\/www.cultureetlibertes.fr\/wp-content\/uploads\/sites\/14\/2018\/03\/jean-photo-identit\u00e9.png 198w, https:\/\/www.cultureetlibertes.fr\/wp-content\/uploads\/sites\/14\/2018\/03\/jean-photo-identit\u00e9-173x300.png 173w\" sizes=\"auto, (max-width: 60px) 100vw, 60px\" \/><\/p>\n<p><strong>Je me pr\u00e9sente donc, Jean DUPIN, j&rsquo;ai un certain penchant pour la politique, comme certains le savent. J&rsquo;aime d\u00e9fendre les id\u00e9es qui me tiennent \u00e0 c\u0153ur et surtout dire tout haute ce que tout le monde pense tout bas.<\/strong><\/p>\n<p>Vous l&rsquo;aurez peut-\u00eatre compris, je suis en quelques sortes un emmerdeur de premi\u00e8re car je peux g\u00eaner parfois. Cela \u00e9tant dit, ce n&rsquo;est bel et bien pas ce qui me m\u00e8ne ici.<\/p>\n<p>Je souhaite avant tout faire part d&rsquo;opinions importantes d&rsquo;ordre politiques, culturelles et globalement, soci\u00e9tales !<\/p>\n<p>En deux mots j&rsquo;ai explicit\u00e9 mon projet, pensez bien que je vais avoir des choses \u00e0 dire maintenant, ici comme ailleurs. En parlant d&rsquo;ailleurs, je tiens \u00e0 vous partager mes deux ou trois autres projets en cours.<\/p>\n<p>1- <a href=\"http:\/\/jeandup.unblog.fr\/\">jeandup.unblog.fr :<\/a><\/p>\n<p>Ici, je fais valoir quelques nouvelles, je partage mon exp\u00e9rience concernant tel ou tel sujet.<\/p>\n<p><a href=\"http:\/\/jeandupin.centerblog.net\/\">2- jeandupin.centerblog.net:<\/a><\/p>\n<p>C&rsquo;est plut\u00f4t ici que je m&rsquo;indigne, que je partage ma tristesse concernant des \u00e9v\u00e9nements difficiles ou que je pousse des coups de gueule, qu&rsquo;ils soient positifs ou n\u00e9gatifs !<\/p>\n<p>3- <a href=\"https:\/\/www.agoravox.fr\/auteur\/jeanvaillant\">agoravox:<\/a><\/p>\n<p>L\u00e0, j&rsquo;\u00e9change des points de vue.<\/p>\n<p>4-\u00a0<a href=\"https:\/\/www.hypertaverne.com\/\">https:\/\/www.hypertaverne.com\/<\/a><\/p>\n<p>Ici , c&rsquo;est le coin des vieux cons !<\/p>\n<p>&nbsp;<\/p>\n<blockquote><p>Alors, nous y voil\u00e0, rentrons dans le vif du sujet.<\/p><\/blockquote>\n<p>&nbsp;<\/p>\n<p>&nbsp;<\/p>\n<p>&nbsp;<\/p>\n","protected":false},"excerpt":{"rendered":"<p>Qu&rsquo;est-ce qu&rsquo;un vieux de la vieille vient faire ici, poster des articles ? Je me pr\u00e9sente donc, Jean DUPIN, j&rsquo;ai un certain penchant pour la politique, comme certains le savent. J&rsquo;aime d\u00e9fendre les id\u00e9es qui me tiennent \u00e0 c\u0153ur et surtout dire tout haute ce que tout le monde pense tout bas. Vous l&rsquo;aurez peut-\u00eatre &hellip; <a href=\"https:\/\/www.cultureetlibertes.fr\/?page_id=14\" class=\"more-link\">Continuer la lecture de <span class=\"screen-reader-text\">Qui suis-je ?<\/span><\/a><\/p>\n","protected":false},"author":3,"featured_media":0,"parent":0,"menu_order":0,"comment_status":"closed","ping_status":"closed","template":"","meta":{"_acf_changed":false,"footnotes":""},"class_list":["post-14","page","type-page","status-publish","hentry"],"acf":[],"_links":{"self":[{"href":"https:\/\/www.cultureetlibertes.fr\/index.php?rest_route=\/wp\/v2\/pages\/14","targetHints":{"allow":["GET"]}}],"collection":[{"href":"https:\/\/www.cultureetlibertes.fr\/index.php?rest_route=\/wp\/v2\/pages"}],"about":[{"href":"https:\/\/www.cultureetlibertes.fr\/index.php?rest_route=\/wp\/v2\/types\/page"}],"author":[{"embeddable":true,"href":"https:\/\/www.cultureetlibertes.fr\/index.php?rest_route=\/wp\/v2\/users\/3"}],"replies":[{"embeddable":true,"href":"https:\/\/www.cultureetlibertes.fr\/index.php?rest_route=%2Fwp%2Fv2%2Fcomments&post=14"}],"version-history":[{"count":6,"href":"https:\/\/www.cultureetlibertes.fr\/index.php?rest_route=\/wp\/v2\/pages\/14\/revisions"}],"predecessor-version":[{"id":62,"href":"https:\/\/www.cultureetlibertes.fr\/index.php?rest_route=\/wp\/v2\/pages\/14\/revisions\/62"}],"wp:attachment":[{"href":"https:\/\/www.cultureetlibertes.fr\/index.php?rest_route=%2Fwp%2Fv2%2Fmedia&parent=14"}],"curies":[{"name":"wp","href":"https:\/\/api.w.org\/{rel}","templated":true}]}}